{"id":11449,"date":"2026-03-28T19:33:52","date_gmt":"2026-03-28T18:33:52","guid":{"rendered":"https:\/\/clavastack.com\/?page_id=11449"},"modified":"2026-03-28T19:35:02","modified_gmt":"2026-03-28T18:35:02","slug":"garantie","status":"publish","type":"page","link":"https:\/\/clavastack.com\/en\/garantie\/","title":{"rendered":"Garantie"},"content":{"rendered":"<div data-elementor-type=\"wp-page\" data-elementor-id=\"11449\" class=\"elementor elementor-11449\">\n\t\t\t\t\t\t<section class=\"elementor-section elementor-top-section elementor-element elementor-element-adcc3ce elementor-section-boxed elementor-section-height-default elementor-section-height-default\" data-id=\"adcc3ce\" data-element_type=\"section\">\n\t\t\t\t\t\t<div class=\"elementor-container elementor-column-gap-default\">\n\t\t\t\t\t<div class=\"elementor-column elementor-col-100 elementor-top-column elementor-element elementor-element-76bec99\" data-id=\"76bec99\" data-element_type=\"column\">\n\t\t\t<div class=\"elementor-widget-wrap elementor-element-populated\">\n\t\t\t\t\t\t<div class=\"elementor-element elementor-element-b789451 elementor-widget elementor-widget-heading\" data-id=\"b789451\" data-element_type=\"widget\" data-widget_type=\"heading.default\">\n\t\t\t\t<div class=\"elementor-widget-container\">\n\t\t\t\t\t<h2 class=\"elementor-heading-title elementor-size-default\">Specter Hardware Wallets Garantie<\/h2>\t\t\t\t<\/div>\n\t\t\t\t<\/div>\n\t\t\t\t\t<\/div>\n\t\t<\/div>\n\t\t\t\t\t<\/div>\n\t\t<\/section>\n\t\t\t\t<section class=\"elementor-section elementor-top-section elementor-element elementor-element-c2792cd elementor-section-boxed elementor-section-height-default elementor-section-height-default\" data-id=\"c2792cd\" data-element_type=\"section\">\n\t\t\t\t\t\t<div class=\"elementor-container elementor-column-gap-default\">\n\t\t\t\t\t<div class=\"elementor-column elementor-col-100 elementor-top-column elementor-element elementor-element-8b703a1\" data-id=\"8b703a1\" data-element_type=\"column\">\n\t\t\t<div class=\"elementor-widget-wrap elementor-element-populated\">\n\t\t\t\t\t\t<div class=\"elementor-element elementor-element-506999b elementor-widget elementor-widget-text-editor\" data-id=\"506999b\" data-element_type=\"widget\" data-widget_type=\"text-editor.default\">\n\t\t\t\t<div class=\"elementor-widget-container\">\n\t\t\t\t\t\t\t\t\t<p dir=\"auto\">Stand: 1. April 2026<\/p>\t\t\t\t\t\t\t\t<\/div>\n\t\t\t\t<\/div>\n\t\t\t\t\t<\/div>\n\t\t<\/div>\n\t\t\t\t\t<\/div>\n\t\t<\/section>\n\t\t\t\t<section class=\"elementor-section elementor-top-section elementor-element elementor-element-7456df1 elementor-section-boxed elementor-section-height-default elementor-section-height-default\" data-id=\"7456df1\" data-element_type=\"section\">\n\t\t\t\t\t\t<div class=\"elementor-container elementor-column-gap-default\">\n\t\t\t\t\t<div class=\"elementor-column elementor-col-100 elementor-top-column elementor-element elementor-element-3f03b7a\" data-id=\"3f03b7a\" data-element_type=\"column\">\n\t\t\t<div class=\"elementor-widget-wrap elementor-element-populated\">\n\t\t\t\t\t\t<div class=\"elementor-element elementor-element-b22e24c elementor-widget elementor-widget-text-editor\" data-id=\"b22e24c\" data-element_type=\"widget\" data-widget_type=\"text-editor.default\">\n\t\t\t\t<div class=\"elementor-widget-container\">\n\t\t\t\t\t\t\t\t\t<p dir=\"auto\">ClavaStack (\u201ewir&#8220;, \u201euns&#8220;, \u201eunser&#8220;) gew\u00e4hrleistet dem Endkunden, dass sein Produkt \u2013 ausgenommen Inhalte oder Software, die mit dem Produkt geliefert werden \u2013 w\u00e4hrend der geltenden Garantiezeit ab Zahlungsdatum frei von Material- und Verarbeitungsfehlern ist und f\u00fcr den normalen Gebrauch geeignet ist. Die Garantiezeit betr\u00e4gt zwei (2) Jahre ab Zahlungsdatum. Die Garantiezeit f\u00fcr ein Ersatzprodukt betr\u00e4gt drei\u00dfig (30) Tage ab Ersatzdatum oder den Rest der urspr\u00fcnglichen Garantiezeit, je nachdem, welcher Zeitraum l\u00e4nger ist. Diese Garantie ist nicht \u00fcbertragbar und kann nur von dem Endkunden geltend gemacht werden, der das Produkt urspr\u00fcnglich erworben hat, und nur solange sich das Produkt in dessen Besitz befindet. Ein Kaufnachweis ist erforderlich. Produkte, die nicht als Neuware direkt bei uns oder einem unserer autorisierten Partner (H\u00e4ndler oder Distributor) erworben wurden, sind ausdr\u00fccklich von dieser Garantie ausgeschlossen.<\/p><p dir=\"auto\">Unsere Haftung beschr\u00e4nkt sich ausschlie\u00dflich auf das Produkt selbst. Wir haften nicht f\u00fcr mittelbare oder unmittelbare Sch\u00e4den, die im Zusammenhang mit dem Produkt oder dessen Kauf entstehen. Wir garantieren nicht, dass die im Produkt enthaltene Software bestimmte Anforderungen erf\u00fcllt oder unterbrechungsfrei und fehlerfrei funktioniert. Das Produkt wird \u201eso wie es ist&#8220; verkauft. Wir behalten uns das Recht vor, Design, Firmware oder Fertigung zu \u00e4ndern oder zu verbessern, ohne dass wir verpflichtet sind, bereits hergestellte oder verkaufte Produkte entsprechend zu \u00e4ndern oder zu verbessern.<\/p><p dir=\"auto\">Diese Garantie gilt nicht f\u00fcr: (a) normalen Verschlei\u00df; (b) Sch\u00e4den durch Unfall, Missbrauch, Fehlanwendung, Fahrl\u00e4ssigkeit, \u00fcberm\u00e4\u00dfige physische oder elektrische Belastung, unsachgem\u00e4\u00dfe Handhabung oder Installation oder h\u00f6here Gewalt; (c) Ver\u00e4nderungen durch Dritte; (d) Datenverluste durch Inkompatibilit\u00e4t mit aktuellen oder zuk\u00fcnftigen Betriebssystemen, Software oder Hardware. Weder ClavaStack noch seine Gesellschafter, Gesch\u00e4ftsf\u00fchrer, Mitarbeiter oder Beauftragten haften f\u00fcr direkte, indirekte, mittelbare, zuf\u00e4llige oder besondere Sch\u00e4den, einschlie\u00dflich, aber nicht beschr\u00e4nkt auf Betriebsunterbrechungen, entgangenen Gewinn, Sachsch\u00e4den (wobei der Begriff \u201eSachschaden&#8220; ausdr\u00fccklich jede Form von Kryptow\u00e4hrung oder digitalen Assets einschlie\u00dft, die auf dem Produkt gespeichert oder damit verbunden sind), Nutzungsausfall, Verz\u00f6gerungssch\u00e4den sowie Sch\u00e4den durch unsachgem\u00e4\u00dfen Gebrauch (einschlie\u00dflich Verwendung mit einem inkompatiblen Ger\u00e4t oder entgegen den Anweisungen).<\/p><p dir=\"auto\">Die Haftung von ClavaStack \u00fcbersteigt in keinem Fall den von dir bezahlten Kaufpreis. ClavaStack schlie\u00dft alle ausdr\u00fccklichen und stillschweigenden Gew\u00e4hrleistungen im gesetzlich zul\u00e4ssigen Umfang aus. Soweit das anwendbare Recht den Ausschluss stillschweigender Gew\u00e4hrleistungen nicht gestattet, sind diese auf die Dauer der geltenden Garantiezeit beschr\u00e4nkt.<\/p>\t\t\t\t\t\t\t\t<\/div>\n\t\t\t\t<\/div>\n\t\t\t\t\t<\/div>\n\t\t<\/div>\n\t\t\t\t\t<\/div>\n\t\t<\/section>\n\t\t\t\t<section class=\"elementor-section elementor-top-section elementor-element elementor-element-c1c8b3f elementor-section-boxed elementor-section-height-default elementor-section-height-default\" data-id=\"c1c8b3f\" data-element_type=\"section\">\n\t\t\t\t\t\t<div class=\"elementor-container elementor-column-gap-default\">\n\t\t\t\t\t<div class=\"elementor-column elementor-col-100 elementor-top-column elementor-element elementor-element-66ccfd2\" data-id=\"66ccfd2\" data-element_type=\"column\">\n\t\t\t<div class=\"elementor-widget-wrap elementor-element-populated\">\n\t\t\t\t\t\t<div class=\"elementor-element elementor-element-5ee3598 elementor-widget elementor-widget-heading\" data-id=\"5ee3598\" data-element_type=\"widget\" data-widget_type=\"heading.default\">\n\t\t\t\t<div class=\"elementor-widget-container\">\n\t\t\t\t\t<h2 class=\"elementor-heading-title elementor-size-default\">Garantieanspr\u00fcche<\/h2>\t\t\t\t<\/div>\n\t\t\t\t<\/div>\n\t\t\t\t<div class=\"elementor-element elementor-element-369a689 elementor-widget elementor-widget-text-editor\" data-id=\"369a689\" data-element_type=\"widget\" data-widget_type=\"text-editor.default\">\n\t\t\t\t<div class=\"elementor-widget-container\">\n\t\t\t\t\t\t\t\t\t<p dir=\"auto\">Um einen Garantieanspruch geltend zu machen, wende dich innerhalb der Garantiezeit an ClavaStack unter\u00a0<a href=\"mailto:info@clavastack.com\">info@clavastack.com<\/a>. Gib dabei den Kaufnachweis (mit Datum und Ort des Kaufs sowie ggf. dem Namen des H\u00e4ndlers) sowie die Produktbezeichnung an.<\/p><p dir=\"auto\">Bitte stelle vor der R\u00fccksendung des Produkts sicher, dass du alle sensiblen Daten gesichert und das Ger\u00e4t zur\u00fcckgesetzt hast. ClavaStack \u00fcbernimmt keine Haftung f\u00fcr Sch\u00e4den an oder Verlust von Daten, die auf dem zur\u00fcckgesandten Produkt gespeichert sind.<\/p><p dir=\"auto\">ClavaStack kann nach eigenem Ermessen das Produkt reparieren oder ein gleichwertiges Ersatzprodukt bereitstellen. Ist eine Reparatur oder ein Ersatz nicht m\u00f6glich, erstatten wir entweder den urspr\u00fcnglichen Kaufpreis oder den aktuellen Marktwert. Die Reparatur oder der Ersatz ist f\u00fcr Teile, Komponenten und Arbeitsaufwand kostenlos, sofern das Ger\u00e4t unbesch\u00e4digt und mit vorausbezahltem Versand (einschlie\u00dflich Versicherung) an uns zur\u00fcckgeschickt wird. Die Kosten f\u00fcr die R\u00fccksendung des Produkts an ClavaStack tr\u00e4gt der Produkteigent\u00fcmer. Wird das Produkt unversichert zur\u00fcckgesendet, tr\u00e4gt der Absender alle Risiken eines Verlusts oder einer Besch\u00e4digung w\u00e4hrend des Transports.<\/p><p dir=\"auto\">Stellt ClavaStack fest, dass der Defekt nicht auf einen Material- oder Verarbeitungsfehler zur\u00fcckzuf\u00fchren ist, beh\u00e4lt sich ClavaStack das Recht vor, entweder (1) Teile und Arbeitsaufwand zum jeweils g\u00fcltigen Stundensatz zu berechnen oder (2) eine Bearbeitungsgeb\u00fchr von 20 % zu erheben. ClavaStack wird dich vor der Erhebung dieser Geb\u00fchren informieren.<\/p><p dir=\"auto\">Nationale und lokale Gesetze k\u00f6nnen dir weitere Rechte einr\u00e4umen, die von dieser Garantie unber\u00fchrt bleiben.<\/p>\t\t\t\t\t\t\t\t<\/div>\n\t\t\t\t<\/div>\n\t\t\t\t\t<\/div>\n\t\t<\/div>\n\t\t\t\t\t<\/div>\n\t\t<\/section>\n\t\t\t\t<\/div>","protected":false},"excerpt":{"rendered":"<p>Specter Hardware Wallets Garantie Stand: 1. April 2026 ClavaStack (\u201ewir&#8220;, \u201euns&#8220;, \u201eunser&#8220;) gew\u00e4hrleistet dem Endkunden, dass sein Produkt \u2013 ausgenommen&#8230;<\/p>","protected":false},"author":2,"featured_media":0,"parent":0,"menu_order":0,"comment_status":"closed","ping_status":"closed","template":"","meta":{"_acf_changed":false,"footnotes":""},"class_list":["post-11449","page","type-page","status-publish","hentry"],"acf":[],"aioseo_notices":[],"jetpack_sharing_enabled":true,"_links":{"self":[{"href":"https:\/\/clavastack.com\/en\/wp-json\/wp\/v2\/pages\/11449","targetHints":{"allow":["GET"]}}],"collection":[{"href":"https:\/\/clavastack.com\/en\/wp-json\/wp\/v2\/pages"}],"about":[{"href":"https:\/\/clavastack.com\/en\/wp-json\/wp\/v2\/types\/page"}],"author":[{"embeddable":true,"href":"https:\/\/clavastack.com\/en\/wp-json\/wp\/v2\/users\/2"}],"replies":[{"embeddable":true,"href":"https:\/\/clavastack.com\/en\/wp-json\/wp\/v2\/comments?post=11449"}],"version-history":[{"count":4,"href":"https:\/\/clavastack.com\/en\/wp-json\/wp\/v2\/pages\/11449\/revisions"}],"predecessor-version":[{"id":11454,"href":"https:\/\/clavastack.com\/en\/wp-json\/wp\/v2\/pages\/11449\/revisions\/11454"}],"wp:attachment":[{"href":"https:\/\/clavastack.com\/en\/wp-json\/wp\/v2\/media?parent=11449"}],"curies":[{"name":"wp","href":"https:\/\/api.w.org\/{rel}","templated":true}]}}