{"id":5830,"date":"2024-08-22T17:44:21","date_gmt":"2024-08-22T15:44:21","guid":{"rendered":"https:\/\/clavastack.com\/?page_id=5830"},"modified":"2025-08-27T13:04:44","modified_gmt":"2025-08-27T11:04:44","slug":"allgemeine-geschaeftsbedingungen","status":"publish","type":"page","link":"https:\/\/clavastack.com\/en\/allgemeine-geschaeftsbedingungen\/","title":{"rendered":"General terms and conditions of business"},"content":{"rendered":"<h2 class=\"wp-block-heading\">1. Scope<\/h2>\n\n\n\n<p>The following terms and conditions apply to all orders placed through our online shop. Our online shop is aimed exclusively at consumers.<\/p>\n\n\n\n<p>A consumer is any natural person who enters into a legal transaction for purposes that are predominantly neither commercial nor independent professional. An entrepreneur is a natural or legal person, or a partnership with legal capacity, who, when entering into a legal transaction, acts in the exercise of their commercial or independent professional activity.<\/p>\n\n\n\n<h2 class=\"wp-block-heading\">2. Contracting parties, conclusion of contract, correction options<\/h2>\n\n\n\n<p>The purchase contract is concluded with Finn Neunert from ClavaStack.<\/p>\n\n\n\n<p>By placing the products in our online shop, we make a binding offer to conclude a contract for these products. You can initially place our products in your shopping cart without obligation and correct your entries at any time before submitting your binding order by using the correction tools provided and explained during the ordering process. The contract is concluded when you accept the offer for the products contained in the shopping cart by clicking the order button. Immediately after submitting the order, you will receive a confirmation email.<\/p>\n\n\n\n<h2 class=\"wp-block-heading\">3. Contract language, contract text storage<\/h2>\n\n\n\n<p>The language(s) available for the conclusion of the contract: German<\/p>\n\n\n\n<p>We do not store the contract text.<\/p>\n\n\n\n<h2 class=\"wp-block-heading\">4. Delivery conditions<\/h2>\n\n\n\n<h3 class=\"wp-block-heading\">&nbsp;Delivery options<\/h3>\n\n\n\n<p>We ship the products to the delivery address specified during the ordering process.<\/p>\n\n\n\n<p>We only ship by mail. Unfortunately, pickup is not possible.<\/p>\n\n\n\n<h2 class=\"wp-block-heading\">5. Payment<\/h2>\n\n\n\n<p>The following payment methods are generally available in our shop.<\/p>\n\n\n\n<p>PayPal<br>To pay the invoice amount via the payment service provider PayPal (Europe) S.\u00e0 rl et Cie, SCA, 22-24 Boulevard Royal, L-2449 Luxembourg (&quot;PayPal&quot;), you must be registered with PayPal, authenticate yourself with your login details, and confirm the payment order. The payment transaction will be processed by PayPal immediately after you place your order. Further information will be provided during the ordering process.<\/p>\n\n\n\n<p>PayPal may offer additional payment methods in the customer account to registered PayPal customers selected according to its own criteria. However, we have no influence on the availability of these methods; additional individually offered payment methods affect your legal relationship with PayPal. Further information on this can be found in your PayPal account.<\/p>\n\n\n\n<p><strong>BTC Pay<\/strong><br>Bitcoin On-CHain and Bitcoin Lightning.<\/p>\n\n\n\n<h2 class=\"wp-block-heading\">6. Warranty and Guarantees<\/h2>\n\n\n\n<h3 class=\"wp-block-heading\">6.1 Liability for defects<\/h3>\n\n\n\n<p>The statutory liability for defects applies.<\/p>\n\n\n\n<h3 class=\"wp-block-heading\">6.2 Guarantees and customer service<\/h3>\n\n\n\n<p>Information on any additional warranties that may apply and their exact terms and conditions can be found with the product and on special information pages in the online shop.<\/p>\n\n\n\n<h2 class=\"wp-block-heading\">7. Dispute Resolution<\/h2>\n\n\n\n<p>The European Commission provides a platform for online dispute resolution (ODR), which you&nbsp;<a href=\"https:\/\/ec.europa.eu\/consumers\/odr\/\" target=\"_blank\" rel=\"noreferrer noopener\">here<\/a>&nbsp;We are neither obligated nor willing to participate in dispute resolution proceedings before a consumer arbitration board.<\/p>\n\n\n\n<p><a href=\"https:\/\/legal.trustedshops.com\/produkte\/rechtstexter\" target=\"_blank\" rel=\"noreferrer noopener\">Terms and Conditions<\/a>&nbsp;created with the&nbsp;<a href=\"https:\/\/legal.trustedshops.com\/\" target=\"_blank\" rel=\"noreferrer noopener\">Trusted Shops<\/a>&nbsp;Legal copywriter<\/p>\n\n\n\n<p><\/p>","protected":false},"excerpt":{"rendered":"<p>1.&nbsp;Geltungsbereich F\u00fcr alle Bestellungen \u00fcber unseren Online-Shop gelten die nachfolgenden AGB. Unser Online-Shop richtet sich ausschlie\u00dflich an Verbraucher. Verbraucher ist&#8230;<\/p>","protected":false},"author":2,"featured_media":0,"parent":0,"menu_order":0,"comment_status":"closed","ping_status":"closed","template":"","meta":{"_acf_changed":false,"footnotes":""},"class_list":["post-5830","page","type-page","status-publish","hentry"],"acf":[],"aioseo_notices":[],"jetpack_sharing_enabled":true,"_links":{"self":[{"href":"https:\/\/clavastack.com\/en\/wp-json\/wp\/v2\/pages\/5830","targetHints":{"allow":["GET"]}}],"collection":[{"href":"https:\/\/clavastack.com\/en\/wp-json\/wp\/v2\/pages"}],"about":[{"href":"https:\/\/clavastack.com\/en\/wp-json\/wp\/v2\/types\/page"}],"author":[{"embeddable":true,"href":"https:\/\/clavastack.com\/en\/wp-json\/wp\/v2\/users\/2"}],"replies":[{"embeddable":true,"href":"https:\/\/clavastack.com\/en\/wp-json\/wp\/v2\/comments?post=5830"}],"version-history":[{"count":6,"href":"https:\/\/clavastack.com\/en\/wp-json\/wp\/v2\/pages\/5830\/revisions"}],"predecessor-version":[{"id":9900,"href":"https:\/\/clavastack.com\/en\/wp-json\/wp\/v2\/pages\/5830\/revisions\/9900"}],"wp:attachment":[{"href":"https:\/\/clavastack.com\/en\/wp-json\/wp\/v2\/media?parent=5830"}],"curies":[{"name":"wp","href":"https:\/\/api.w.org\/{rel}","templated":true}]}}