{"id":7049,"date":"2024-10-01T10:18:10","date_gmt":"2024-10-01T08:18:10","guid":{"rendered":"https:\/\/clavastack.com\/?post_type=product&#038;p=7049"},"modified":"2026-04-13T16:22:27","modified_gmt":"2026-04-13T14:22:27","slug":"backup-stack","status":"publish","type":"product","link":"https:\/\/clavastack.com\/en\/product\/backup-stack\/","title":{"rendered":"Backup Stack"},"content":{"rendered":"<div data-elementor-type=\"wp-post\" data-elementor-id=\"7049\" class=\"elementor elementor-7049\">\n\t\t\t\t\t\t<section class=\"elementor-section elementor-top-section elementor-element elementor-element-106455a elementor-section-boxed elementor-section-height-default elementor-section-height-default\" data-id=\"106455a\" data-element_type=\"section\">\n\t\t\t\t\t\t<div class=\"elementor-container elementor-column-gap-default\">\n\t\t\t\t\t<div class=\"elementor-column elementor-col-100 elementor-top-column elementor-element elementor-element-02b6823\" data-id=\"02b6823\" data-element_type=\"column\">\n\t\t\t<div class=\"elementor-widget-wrap elementor-element-populated\">\n\t\t\t\t\t\t<div class=\"elementor-element elementor-element-56bacbf elementor-widget elementor-widget-heading\" data-id=\"56bacbf\" data-element_type=\"widget\" data-widget_type=\"heading.default\">\n\t\t\t\t<div class=\"elementor-widget-container\">\n\t\t\t\t\t<h2 class=\"elementor-heading-title elementor-size-default\">R\u00fcckseite<\/h2>\t\t\t\t<\/div>\n\t\t\t\t<\/div>\n\t\t\t\t<div class=\"elementor-element elementor-element-4852751 elementor-widget elementor-widget-text-editor\" data-id=\"4852751\" data-element_type=\"widget\" data-widget_type=\"text-editor.default\">\n\t\t\t\t<div class=\"elementor-widget-container\">\n\t\t\t\t\t\t\t\t\t<p>Auf der R\u00fcckseite TerraPhrase Paper befindet sich eine Compact (binary) SeedQR Vorlage. Um die Seedphrase einscannbar zu machen.<\/p>\t\t\t\t\t\t\t\t<\/div>\n\t\t\t\t<\/div>\n\t\t\t\t\t<\/div>\n\t\t<\/div>\n\t\t\t\t\t<\/div>\n\t\t<\/section>\n\t\t\t\t<section class=\"elementor-section elementor-top-section elementor-element elementor-element-8c92134 elementor-section-boxed elementor-section-height-default elementor-section-height-default\" data-id=\"8c92134\" data-element_type=\"section\">\n\t\t\t\t\t\t<div class=\"elementor-container elementor-column-gap-default\">\n\t\t\t\t\t<div class=\"elementor-column elementor-col-100 elementor-top-column elementor-element elementor-element-3c6c597\" data-id=\"3c6c597\" data-element_type=\"column\">\n\t\t\t<div class=\"elementor-widget-wrap elementor-element-populated\">\n\t\t\t\t\t\t<div class=\"elementor-element elementor-element-e9db46b elementor-widget elementor-widget-heading\" data-id=\"e9db46b\" data-element_type=\"widget\" data-widget_type=\"heading.default\">\n\t\t\t\t<div class=\"elementor-widget-container\">\n\t\t\t\t\t<h2 class=\"elementor-heading-title elementor-size-default\">Make your Bitcoin seed phrase secure!<\/h2>\t\t\t\t<\/div>\n\t\t\t\t<\/div>\n\t\t\t\t\t<\/div>\n\t\t<\/div>\n\t\t\t\t\t<\/div>\n\t\t<\/section>\n\t\t\t\t<section class=\"elementor-section elementor-top-section elementor-element elementor-element-c82969e elementor-section-boxed elementor-section-height-default elementor-section-height-default\" data-id=\"c82969e\" data-element_type=\"section\">\n\t\t\t\t\t\t<div class=\"elementor-container elementor-column-gap-default\">\n\t\t\t\t\t<div class=\"elementor-column elementor-col-100 elementor-top-column elementor-element elementor-element-23821b7\" data-id=\"23821b7\" data-element_type=\"column\">\n\t\t\t<div class=\"elementor-widget-wrap elementor-element-populated\">\n\t\t\t\t\t\t<div class=\"elementor-element elementor-element-cc12ab5 elementor-widget elementor-widget-text-editor\" data-id=\"cc12ab5\" data-element_type=\"widget\" data-widget_type=\"text-editor.default\">\n\t\t\t\t<div class=\"elementor-widget-container\">\n\t\t\t\t\t\t\t\t\t<p>Backup Stack, mit der 24 Seedw\u00f6rter Version. Hier kann man bis zu 24 Seedw\u00f6rter aufschreiben.Was wenn es eine \u00dcberschwemmung gibt oder jemand an deine Seedphrase kommt?<\/p><p>With the backup stack you protect your Bitcoin against these two threats.\u00a0<\/p>\t\t\t\t\t\t\t\t<\/div>\n\t\t\t\t<\/div>\n\t\t\t\t\t<\/div>\n\t\t<\/div>\n\t\t\t\t\t<\/div>\n\t\t<\/section>\n\t\t\t\t<section class=\"elementor-section elementor-top-section elementor-element elementor-element-3206ced elementor-section-boxed elementor-section-height-default elementor-section-height-default\" data-id=\"3206ced\" data-element_type=\"section\">\n\t\t\t\t\t\t<div class=\"elementor-container elementor-column-gap-default\">\n\t\t\t\t\t<div class=\"elementor-column elementor-col-100 elementor-top-column elementor-element elementor-element-4426b87\" data-id=\"4426b87\" data-element_type=\"column\">\n\t\t\t<div class=\"elementor-widget-wrap elementor-element-populated\">\n\t\t\t\t\t\t<div class=\"elementor-element elementor-element-564664c elementor-widget elementor-widget-heading\" data-id=\"564664c\" data-element_type=\"widget\" data-widget_type=\"heading.default\">\n\t\t\t\t<div class=\"elementor-widget-container\">\n\t\t\t\t\t<h3 class=\"elementor-heading-title elementor-size-default\">First protective shield<\/h3>\t\t\t\t<\/div>\n\t\t\t\t<\/div>\n\t\t\t\t<div class=\"elementor-element elementor-element-9376f6a elementor-widget elementor-widget-text-editor\" data-id=\"9376f6a\" data-element_type=\"widget\" data-widget_type=\"text-editor.default\">\n\t\t\t\t<div class=\"elementor-widget-container\">\n\t\t\t\t\t\t\t\t\t<p>The TerraPhrase Paper makes your Bitcoin resistant to physical influences and water.<\/p>\t\t\t\t\t\t\t\t<\/div>\n\t\t\t\t<\/div>\n\t\t\t\t\t<\/div>\n\t\t<\/div>\n\t\t\t\t\t<\/div>\n\t\t<\/section>\n\t\t\t\t<section class=\"elementor-section elementor-top-section elementor-element elementor-element-b1096fa elementor-section-boxed elementor-section-height-default elementor-section-height-default\" data-id=\"b1096fa\" data-element_type=\"section\">\n\t\t\t\t\t\t<div class=\"elementor-container elementor-column-gap-default\">\n\t\t\t\t\t<div class=\"elementor-column elementor-col-100 elementor-top-column elementor-element elementor-element-09fb693\" data-id=\"09fb693\" data-element_type=\"column\">\n\t\t\t<div class=\"elementor-widget-wrap elementor-element-populated\">\n\t\t\t\t\t\t<section class=\"elementor-section elementor-inner-section elementor-element elementor-element-dc98488 elementor-section-boxed elementor-section-height-default elementor-section-height-default\" data-id=\"dc98488\" data-element_type=\"section\">\n\t\t\t\t\t\t<div class=\"elementor-container elementor-column-gap-default\">\n\t\t\t\t\t<div class=\"elementor-column elementor-col-50 elementor-inner-column elementor-element elementor-element-9b4fb5a\" data-id=\"9b4fb5a\" data-element_type=\"column\">\n\t\t\t<div class=\"elementor-widget-wrap elementor-element-populated\">\n\t\t\t\t\t\t<div class=\"elementor-element elementor-element-4ffd8f3 elementor-widget elementor-widget-heading\" data-id=\"4ffd8f3\" data-element_type=\"widget\" data-widget_type=\"heading.default\">\n\t\t\t\t<div class=\"elementor-widget-container\">\n\t\t\t\t\t<h6 class=\"elementor-heading-title elementor-size-default\">Tear-resistant:<\/h6>\t\t\t\t<\/div>\n\t\t\t\t<\/div>\n\t\t\t\t<div class=\"elementor-element elementor-element-e1cd54a elementor-widget elementor-widget-video\" data-id=\"e1cd54a\" data-element_type=\"widget\" data-settings=\"{&quot;video_type&quot;:&quot;hosted&quot;,&quot;controls&quot;:&quot;yes&quot;}\" data-widget_type=\"video.default\">\n\t\t\t\t<div class=\"elementor-widget-container\">\n\t\t\t\t\t\t\t<div class=\"e-hosted-video elementor-wrapper elementor-open-inline\">\n\t\t\t\t\t<video class=\"elementor-video\" src=\"https:\/\/clavastack.com\/wp-content\/uploads\/2024\/09\/Stabilitaet_TerraSlatePaper_ANschauungsvideo.mp4\" controls=\"\" preload=\"metadata\" controlslist=\"nodownload\"><\/video>\n\t\t\t\t<\/div>\n\t\t\t\t\t\t<\/div>\n\t\t\t\t<\/div>\n\t\t\t\t\t<\/div>\n\t\t<\/div>\n\t\t\t\t<div class=\"elementor-column elementor-col-50 elementor-inner-column elementor-element elementor-element-ffcc131\" data-id=\"ffcc131\" data-element_type=\"column\">\n\t\t\t<div class=\"elementor-widget-wrap elementor-element-populated\">\n\t\t\t\t\t\t<div class=\"elementor-element elementor-element-d380ed4 elementor-widget elementor-widget-heading\" data-id=\"d380ed4\" data-element_type=\"widget\" data-widget_type=\"heading.default\">\n\t\t\t\t<div class=\"elementor-widget-container\">\n\t\t\t\t\t<h6 class=\"elementor-heading-title elementor-size-default\">Waterproof:<\/h6>\t\t\t\t<\/div>\n\t\t\t\t<\/div>\n\t\t\t\t<div class=\"elementor-element elementor-element-ba9a439 elementor-widget elementor-widget-video\" data-id=\"ba9a439\" data-element_type=\"widget\" data-settings=\"{&quot;video_type&quot;:&quot;hosted&quot;,&quot;controls&quot;:&quot;yes&quot;}\" data-widget_type=\"video.default\">\n\t\t\t\t<div class=\"elementor-widget-container\">\n\t\t\t\t\t\t\t<div class=\"e-hosted-video elementor-wrapper elementor-open-inline\">\n\t\t\t\t\t<video class=\"elementor-video\" src=\"https:\/\/clavastack.com\/wp-content\/uploads\/2024\/09\/TerraSlate-Paper-Wasser.mp4\" controls=\"\" preload=\"metadata\" controlslist=\"nodownload\"><\/video>\n\t\t\t\t<\/div>\n\t\t\t\t\t\t<\/div>\n\t\t\t\t<\/div>\n\t\t\t\t\t<\/div>\n\t\t<\/div>\n\t\t\t\t\t<\/div>\n\t\t<\/section>\n\t\t\t\t\t<\/div>\n\t\t<\/div>\n\t\t\t\t\t<\/div>\n\t\t<\/section>\n\t\t\t\t<section class=\"elementor-section elementor-top-section elementor-element elementor-element-cf5b862 elementor-section-boxed elementor-section-height-default elementor-section-height-default\" data-id=\"cf5b862\" data-element_type=\"section\">\n\t\t\t\t\t\t<div class=\"elementor-container elementor-column-gap-default\">\n\t\t\t\t\t<div class=\"elementor-column elementor-col-100 elementor-top-column elementor-element elementor-element-fb4a40d\" data-id=\"fb4a40d\" data-element_type=\"column\">\n\t\t\t<div class=\"elementor-widget-wrap elementor-element-populated\">\n\t\t\t\t\t\t<div class=\"elementor-element elementor-element-7aae149 elementor-widget elementor-widget-heading\" data-id=\"7aae149\" data-element_type=\"widget\" data-widget_type=\"heading.default\">\n\t\t\t\t<div class=\"elementor-widget-container\">\n\t\t\t\t\t<h3 class=\"elementor-heading-title elementor-size-default\">Second protective shield<\/h3>\t\t\t\t<\/div>\n\t\t\t\t<\/div>\n\t\t\t\t<div class=\"elementor-element elementor-element-b55a966 elementor-widget elementor-widget-text-editor\" data-id=\"b55a966\" data-element_type=\"widget\" data-widget_type=\"text-editor.default\">\n\t\t\t\t<div class=\"elementor-widget-container\">\n\t\t\t\t\t\t\t\t\t<p>The security bag, in combination with the privacy cardboard, reliably reveals if someone has had physical access to your Bitcoin seed phrase, so that countermeasures can be taken in a timely manner.\u00a0<\/p>\t\t\t\t\t\t\t\t<\/div>\n\t\t\t\t<\/div>\n\t\t\t\t<section class=\"elementor-section elementor-inner-section elementor-element elementor-element-2fe2ae0 elementor-section-boxed elementor-section-height-default elementor-section-height-default\" data-id=\"2fe2ae0\" data-element_type=\"section\">\n\t\t\t\t\t\t<div class=\"elementor-container elementor-column-gap-default\">\n\t\t\t\t\t<div class=\"elementor-column elementor-col-50 elementor-inner-column elementor-element elementor-element-61bcc55\" data-id=\"61bcc55\" data-element_type=\"column\">\n\t\t\t<div class=\"elementor-widget-wrap elementor-element-populated\">\n\t\t\t\t\t\t<div class=\"elementor-element elementor-element-50972b1 elementor-widget elementor-widget-spacer\" data-id=\"50972b1\" data-element_type=\"widget\" data-widget_type=\"spacer.default\">\n\t\t\t\t<div class=\"elementor-widget-container\">\n\t\t\t\t\t\t\t<div class=\"elementor-spacer\">\n\t\t\t<div class=\"elementor-spacer-inner\"><\/div>\n\t\t<\/div>\n\t\t\t\t\t\t<\/div>\n\t\t\t\t<\/div>\n\t\t\t\t<div class=\"elementor-element elementor-element-dbdc402 elementor-widget elementor-widget-text-editor\" data-id=\"dbdc402\" data-element_type=\"widget\" data-widget_type=\"text-editor.default\">\n\t\t\t\t<div class=\"elementor-widget-container\">\n\t\t\t\t\t\t\t\t\t<p>You can sleep peacefully knowing that no one has stolen your Bitcoin seed phrase.<\/p>\t\t\t\t\t\t\t\t<\/div>\n\t\t\t\t<\/div>\n\t\t\t\t\t<\/div>\n\t\t<\/div>\n\t\t\t\t<div class=\"elementor-column elementor-col-50 elementor-inner-column elementor-element elementor-element-2cdf162\" data-id=\"2cdf162\" data-element_type=\"column\">\n\t\t\t<div class=\"elementor-widget-wrap elementor-element-populated\">\n\t\t\t\t\t\t<div class=\"elementor-element elementor-element-f960761 elementor-widget elementor-widget-image\" data-id=\"f960761\" data-element_type=\"widget\" data-widget_type=\"image.default\">\n\t\t\t\t<div class=\"elementor-widget-container\">\n\t\t\t\t\t\t\t\t\t\t\t\t\t\t\t<img fetchpriority=\"high\" decoding=\"async\" width=\"300\" height=\"300\" src=\"https:\/\/clavastack.com\/wp-content\/uploads\/2024\/10\/Backup_Stack_edited-300x300.png\" class=\"attachment-medium size-medium wp-image-7095\" alt=\"\" srcset=\"https:\/\/clavastack.com\/wp-content\/uploads\/2024\/10\/Backup_Stack_edited-300x300.png 300w, https:\/\/clavastack.com\/wp-content\/uploads\/2024\/10\/Backup_Stack_edited-100x100.png 100w, https:\/\/clavastack.com\/wp-content\/uploads\/2024\/10\/Backup_Stack_edited-600x600.png 600w, https:\/\/clavastack.com\/wp-content\/uploads\/2024\/10\/Backup_Stack_edited-1024x1024.png 1024w, https:\/\/clavastack.com\/wp-content\/uploads\/2024\/10\/Backup_Stack_edited-150x150.png 150w, https:\/\/clavastack.com\/wp-content\/uploads\/2024\/10\/Backup_Stack_edited-768x768.png 768w, https:\/\/clavastack.com\/wp-content\/uploads\/2024\/10\/Backup_Stack_edited.png 1500w\" sizes=\"(max-width: 300px) 100vw, 300px\" \/>\t\t\t\t\t\t\t\t\t\t\t\t\t\t\t<\/div>\n\t\t\t\t<\/div>\n\t\t\t\t\t<\/div>\n\t\t<\/div>\n\t\t\t\t\t<\/div>\n\t\t<\/section>\n\t\t\t\t\t<\/div>\n\t\t<\/div>\n\t\t\t\t\t<\/div>\n\t\t<\/section>\n\t\t\t\t<section class=\"elementor-section elementor-top-section elementor-element elementor-element-c1346ab elementor-section-boxed elementor-section-height-default elementor-section-height-default\" data-id=\"c1346ab\" data-element_type=\"section\">\n\t\t\t\t\t\t<div class=\"elementor-container elementor-column-gap-default\">\n\t\t\t\t\t<div class=\"elementor-column elementor-col-100 elementor-top-column elementor-element elementor-element-424eb1b\" data-id=\"424eb1b\" data-element_type=\"column\">\n\t\t\t<div class=\"elementor-widget-wrap elementor-element-populated\">\n\t\t\t\t\t\t<section class=\"elementor-section elementor-inner-section elementor-element elementor-element-540fd78 elementor-section-boxed elementor-section-height-default elementor-section-height-default\" data-id=\"540fd78\" data-element_type=\"section\">\n\t\t\t\t\t\t<div class=\"elementor-container elementor-column-gap-default\">\n\t\t\t\t\t<div class=\"elementor-column elementor-col-50 elementor-inner-column elementor-element elementor-element-3ce9aee\" data-id=\"3ce9aee\" data-element_type=\"column\">\n\t\t\t<div class=\"elementor-widget-wrap elementor-element-populated\">\n\t\t\t\t\t\t<div class=\"elementor-element elementor-element-cb8f90d elementor-widget elementor-widget-image\" data-id=\"cb8f90d\" data-element_type=\"widget\" data-widget_type=\"image.default\">\n\t\t\t\t<div class=\"elementor-widget-container\">\n\t\t\t\t\t\t\t\t\t\t\t\t\t\t\t<img decoding=\"async\" width=\"768\" height=\"768\" src=\"https:\/\/clavastack.com\/wp-content\/uploads\/2024\/10\/Backup_Stack_pruefung-768x768.png\" class=\"attachment-medium_large size-medium_large wp-image-7204\" alt=\"Erkenne sofort dank der manipulationssicheren Sicherheitst\u00fcte wenn jemand deine Bitcoin Seedphrase gesehen hat.\" srcset=\"https:\/\/clavastack.com\/wp-content\/uploads\/2024\/10\/Backup_Stack_pruefung-768x768.png 768w, https:\/\/clavastack.com\/wp-content\/uploads\/2024\/10\/Backup_Stack_pruefung-300x300.png 300w, https:\/\/clavastack.com\/wp-content\/uploads\/2024\/10\/Backup_Stack_pruefung-100x100.png 100w, https:\/\/clavastack.com\/wp-content\/uploads\/2024\/10\/Backup_Stack_pruefung-600x600.png 600w, https:\/\/clavastack.com\/wp-content\/uploads\/2024\/10\/Backup_Stack_pruefung-1024x1024.png 1024w, https:\/\/clavastack.com\/wp-content\/uploads\/2024\/10\/Backup_Stack_pruefung-150x150.png 150w, https:\/\/clavastack.com\/wp-content\/uploads\/2024\/10\/Backup_Stack_pruefung.png 1500w\" sizes=\"(max-width: 768px) 100vw, 768px\" \/>\t\t\t\t\t\t\t\t\t\t\t\t\t\t\t<\/div>\n\t\t\t\t<\/div>\n\t\t\t\t\t<\/div>\n\t\t<\/div>\n\t\t\t\t<div class=\"elementor-column elementor-col-50 elementor-inner-column elementor-element elementor-element-7a79b36\" data-id=\"7a79b36\" data-element_type=\"column\">\n\t\t\t<div class=\"elementor-widget-wrap elementor-element-populated\">\n\t\t\t\t\t\t<div class=\"elementor-element elementor-element-3639b71 elementor-widget elementor-widget-spacer\" data-id=\"3639b71\" data-element_type=\"widget\" data-widget_type=\"spacer.default\">\n\t\t\t\t<div class=\"elementor-widget-container\">\n\t\t\t\t\t\t\t<div class=\"elementor-spacer\">\n\t\t\t<div class=\"elementor-spacer-inner\"><\/div>\n\t\t<\/div>\n\t\t\t\t\t\t<\/div>\n\t\t\t\t<\/div>\n\t\t\t\t<div class=\"elementor-element elementor-element-b3913a1 elementor-widget elementor-widget-text-editor\" data-id=\"b3913a1\" data-element_type=\"widget\" data-widget_type=\"text-editor.default\">\n\t\t\t\t<div class=\"elementor-widget-container\">\n\t\t\t\t\t\t\t\t\t<p>If, thanks to the tamper-proof security wallet, you realize that someone has unauthorized access to your Bitcoin seed phrase, you can use your passphrase or multi-signature wallet to save your Bitcoin to a secure wallet in time\u2014without incurring any financial loss.<\/p>\t\t\t\t\t\t\t\t<\/div>\n\t\t\t\t<\/div>\n\t\t\t\t\t<\/div>\n\t\t<\/div>\n\t\t\t\t\t<\/div>\n\t\t<\/section>\n\t\t\t\t\t<\/div>\n\t\t<\/div>\n\t\t\t\t\t<\/div>\n\t\t<\/section>\n\t\t\t\t<section class=\"elementor-section elementor-top-section elementor-element elementor-element-683ebec elementor-section-boxed elementor-section-height-default elementor-section-height-default\" data-id=\"683ebec\" data-element_type=\"section\">\n\t\t\t\t\t\t<div class=\"elementor-container elementor-column-gap-default\">\n\t\t\t\t\t<div class=\"elementor-column elementor-col-100 elementor-top-column elementor-element elementor-element-1c55990\" data-id=\"1c55990\" data-element_type=\"column\">\n\t\t\t<div class=\"elementor-widget-wrap elementor-element-populated\">\n\t\t\t\t\t\t<div class=\"elementor-element elementor-element-45c5a33 elementor-widget elementor-widget-text-editor\" data-id=\"45c5a33\" data-element_type=\"widget\" data-widget_type=\"text-editor.default\">\n\t\t\t\t<div class=\"elementor-widget-container\">\n\t\t\t\t\t\t\t\t\t<p>More information is available on the&nbsp;<a href=\"https:\/\/clavastack.com\/en\/backup-stack\/\" target=\"_blank\" rel=\"noopener\">Product page&nbsp;<\/a>from the backup stack.<\/p>\t\t\t\t\t\t\t\t<\/div>\n\t\t\t\t<\/div>\n\t\t\t\t\t<\/div>\n\t\t<\/div>\n\t\t\t\t\t<\/div>\n\t\t<\/section>\n\t\t\t\t<\/div>","protected":false},"excerpt":{"rendered":"<p>The perfect solution for writing down and storing your Bitcoin seed phrase. With the Backup Stack, you can protect your Bitcoin against certain natural disasters like floods and physical forces. Thanks to the tamper-evident security bag, you&#039;ll also detect any attempts by thieves to defraud you. Make your Bitcoin loss as unlikely as a 10-year-planned Hollywood bank robbery.<\/p>","protected":false},"featured_media":10572,"template":"","meta":{"_acf_changed":false},"product_brand":[],"product_cat":[47],"product_tag":[],"class_list":{"0":"post-7049","1":"product","2":"type-product","3":"status-publish","4":"has-post-thumbnail","6":"product_cat-uncle-jim","7":"product_shipping_class-grossbrief","9":"first","10":"instock","11":"taxable","12":"shipping-taxable","13":"purchasable","14":"product-type-variable"},"acf":[],"aioseo_notices":[],"jetpack_sharing_enabled":true,"_links":{"self":[{"href":"https:\/\/clavastack.com\/en\/wp-json\/wp\/v2\/product\/7049","targetHints":{"allow":["GET"]}}],"collection":[{"href":"https:\/\/clavastack.com\/en\/wp-json\/wp\/v2\/product"}],"about":[{"href":"https:\/\/clavastack.com\/en\/wp-json\/wp\/v2\/types\/product"}],"version-history":[{"count":30,"href":"https:\/\/clavastack.com\/en\/wp-json\/wp\/v2\/product\/7049\/revisions"}],"predecessor-version":[{"id":11240,"href":"https:\/\/clavastack.com\/en\/wp-json\/wp\/v2\/product\/7049\/revisions\/11240"}],"wp:featuredmedia":[{"embeddable":true,"href":"https:\/\/clavastack.com\/en\/wp-json\/wp\/v2\/media\/10572"}],"wp:attachment":[{"href":"https:\/\/clavastack.com\/en\/wp-json\/wp\/v2\/media?parent=7049"}],"wp:term":[{"taxonomy":"product_brand","embeddable":true,"href":"https:\/\/clavastack.com\/en\/wp-json\/wp\/v2\/product_brand?post=7049"},{"taxonomy":"product_cat","embeddable":true,"href":"https:\/\/clavastack.com\/en\/wp-json\/wp\/v2\/product_cat?post=7049"},{"taxonomy":"product_tag","embeddable":true,"href":"https:\/\/clavastack.com\/en\/wp-json\/wp\/v2\/product_tag?post=7049"}],"curies":[{"name":"wp","href":"https:\/\/api.w.org\/{rel}","templated":true}]}}